{"id":483,"date":"2019-04-24T16:57:30","date_gmt":"2019-04-24T16:57:30","guid":{"rendered":"https:\/\/samovar-ev.de\/?page_id=483"},"modified":"2019-04-24T16:58:21","modified_gmt":"2019-04-24T16:58:21","slug":"satzung","status":"publish","type":"page","link":"https:\/\/samovar-ev.de\/ru\/satzung","title":{"rendered":"Satzung"},"content":{"rendered":"<div data-elementor-type=\"wp-post\" data-elementor-id=\"483\" class=\"elementor elementor-483\" data-elementor-post-type=\"page\">\n\t\t\t\t\t\t<section class=\"elementor-section elementor-top-section elementor-element elementor-element-580459d elementor-section-stretched elementor-section-full_width elementor-section-height-min-height elementor-section-height-default elementor-section-items-middle\" data-id=\"580459d\" data-element_type=\"section\" data-e-type=\"section\" data-settings=\"{&quot;stretch_section&quot;:&quot;section-stretched&quot;,&quot;background_background&quot;:&quot;classic&quot;}\">\n\t\t\t\t\t\t<div class=\"elementor-container elementor-column-gap-no\">\n\t\t\t\t\t<div class=\"elementor-column elementor-col-100 elementor-top-column elementor-element elementor-element-62c41d7\" data-id=\"62c41d7\" data-element_type=\"column\" data-e-type=\"column\">\n\t\t\t<div class=\"elementor-widget-wrap\">\n\t\t\t\t\t\t\t<\/div>\n\t\t<\/div>\n\t\t\t\t\t<\/div>\n\t\t<\/section>\n\t\t\t\t<section class=\"elementor-section elementor-top-section elementor-element elementor-element-f5e9385 elementor-section-boxed elementor-section-height-default elementor-section-height-default\" data-id=\"f5e9385\" data-element_type=\"section\" data-e-type=\"section\">\n\t\t\t\t\t\t<div class=\"elementor-container elementor-column-gap-default\">\n\t\t\t\t\t<div class=\"elementor-column elementor-col-100 elementor-top-column elementor-element elementor-element-b9b0959\" data-id=\"b9b0959\" data-element_type=\"column\" data-e-type=\"column\">\n\t\t\t<div class=\"elementor-widget-wrap elementor-element-populated\">\n\t\t\t\t\t\t<div class=\"elementor-element elementor-element-40a0fc1 elementor-widget elementor-widget-text-editor\" data-id=\"40a0fc1\" data-element_type=\"widget\" data-e-type=\"widget\" data-widget_type=\"text-editor.default\">\n\t\t\t\t<div class=\"elementor-widget-container\">\n\t\t\t\t\t\t\t\t\t<p>SAMOVAR ist eine Elterninitiative und wendet sich in erster Linie an russischsprachige in Offenburg und Umgebung lebende Personen, insbesondere an Kinder und Jugendliche, sowie an alle, die an russischer Kultur, Literatur und Sprache interessiert sind.<\/p><p>\u00a0<b>\u00a7 1<\/b>\u00a0<b>Name, Sitz, Gesch\u00e4ftsjahr<\/b><\/p><p>\u00a01. Der Verein tr\u00e4gt den Namen\u00a0<b>\u201eSAMOVAR \u2013 Verein f\u00fcr Russische Kultur und Bildung e.V.\u201c<\/b>.<\/p><p>\u00a02. Der Verein hat seinen Sitz in Offenburg.<\/p><p>\u00a03. Das Gesch\u00e4ftsjahr ist das Kalenderjahr.<\/p><p>\u00a0<b>\u00a7 2 Ziele des Vereins<\/b><\/p><p>\u00a0<b>1. Ziele des Vereins sind die gezielten F\u00f6rderungen<\/b><\/p><p>\u00a01.1 sowie die Bildung der Kinder und Jugendlichen;<\/p><p>\u00a01.2 die Pflege der russischen Sprache und Kultur in ihrer Wechselwirkung mit der deutschen sowie anderen Kulturen;<\/p><p>\u00a01.3 die V\u00f6lkerverst\u00e4ndigung mittels kulturellen Austausches.<\/p><p>\u00a0<b>2. Die Ziele werden insbesondere verwirklicht durch:<\/b><\/p><p>2.1. Muttersprachlichen Unterricht f\u00fcr Kinder und Jugendliche aus bilingualen Familien durch Lesen, Schreiben, Kunst und\u00a0Musik;\u00a0\u00a0\u00a0\u00a0\u00a0\u00a0\u00a0\u00a0\u00a0\u00a0\u00a0\u00a0\u00a0\u00a0\u00a0\u00a0\u00a0\u00a0\u00a0\u00a0\u00a0\u00a0\u00a0\u00a0\u00a0\u00a0\u00a0\u00a0\u00a0\u00a0\u00a0\u00a0\u00a0\u00a0\u00a0\u00a0\u00a0\u00a0\u00a0\u00a0\u00a0\u00a0\u00a0\u00a0\u00a0\u00a0\u00a0\u00a0\u00a0\u00a0\u00a0\u00a0\u00a0\u00a0\u00a0\u00a0\u00a0\u00a0\u00a0\u00a0\u00a0\u00a0\u00a0\u00a0\u00a0\u00a0\u00a0\u00a0\u00a0\u00a0\u00a0\u00a0\u00a0\u00a0\u00a0\u00a0\u00a0\u00a0\u00a0\u00a0\u00a0\u00a0\u00a0\u00a0\u00a0\u00a0\u00a0\u00a0\u00a0\u00a0\u00a0\u00a0\u00a0\u00a0\u00a0\u00a0\u00a0<\/p><p>2.2. Nachhilfe der deutschen Sprache f\u00fcr bessere Integration in der Schule;<\/p><p>2.3 .Kinderfeste, -konzerte, Bilderausstellungen, Wettbewerbe, Auftritte,\u00a0\u00a0Bildungsreisen;<\/p><p>\u00a02.4. Durchf\u00fchrungen von Vorlesungen, Seminaren und anderen Kulturveranstaltungen unter Einbeziehung ausl\u00e4ndischer und deutscher Fachkr\u00e4fte:<\/p><p>\u00a0&#8211; Fortbildungen von Kindern, Jugendlichen und Erwachsenen<\/p><p>\u00a0&#8211; F\u00f6rderung des Informationsaustauschs \u00fcber Erfahrungen, Traditionen, Geschichte und Kultur im politischen und gesellschaftlichen Bereich,<\/p><p>\u00a0-Verbesserung des Verst\u00e4ndnisses f\u00fcr die Einbindung von Emigranten aus der ehemaligen UdSSR \u00fcber \u00d6ffentlichkeitsarbeit;\u00a0\u00a0\u00a0\u00a0\u00a0\u00a0\u00a0\u00a0\u00a0\u00a0\u00a0\u00a0\u00a0\u00a0\u00a0\u00a0\u00a0\u00a0\u00a0\u00a0\u00a0\u00a0\u00a0\u00a0\u00a0\u00a0\u00a0\u00a0\u00a0\u00a0\u00a0\u00a0\u00a0\u00a0\u00a0\u00a0\u00a0\u00a0\u00a0\u00a0\u00a0\u00a0\u00a0\u00a0\u00a0\u00a0\u00a0\u00a0\u00a0\u00a0\u00a0\u00a0\u00a0\u00a0\u00a0\u00a0\u00a0\u00a0\u00a0\u00a0\u00a0\u00a0\u00a0\u00a0\u00a0\u00a0\u00a0\u00a0\u00a0\u00a0\u00a0\u00a0\u00a0\u00a0\u00a0\u00a0\u00a0\u00a0\u00a0\u00a0\u00a0\u00a0\u00a0\u00a0\u00a0\u00a0\u00a0\u00a0\u00a0\u00a0\u00a0\u00a0\u00a0\u00a0\u00a0\u00a0\u00a0\u00a0\u00a0<\/p><p>2.5 Sammeln von Materialien \u00fcber Erfahrungen, Traditionen, Geschichten und Kultur; Ziel: Aufbau einer russischen Bibliothek;\u00a0\u00a0\u00a0\u00a0\u00a0<\/p><p>2.6 Vorbereitung und Organisation vom bilingualen Kindergarten;\u00a0\u00a0\u00a0\u00a0\u00a0\u00a0\u00a0\u00a0\u00a0\u00a0\u00a0\u00a0\u00a0\u00a0\u00a0\u00a0\u00a0\u00a0\u00a0\u00a0\u00a0\u00a0\u00a0\u00a0\u00a0\u00a0\u00a0\u00a0\u00a0\u00a0\u00a0\u00a0\u00a0\u00a0\u00a0\u00a0\u00a0\u00a0\u00a0\u00a0\u00a0\u00a0\u00a0\u00a0\u00a0\u00a0\u00a0\u00a0\u00a0\u00a0\u00a0\u00a0\u00a0\u00a0\u00a0\u00a0\u00a0\u00a0\u00a0\u00a0\u00a0\u00a0\u00a0\u00a0\u00a0\u00a0\u00a0\u00a0\u00a0\u00a0\u00a0\u00a0\u00a0\u00a0<\/p><p>2.7 Durchf\u00fchrung von diversen Projekten: z.B. Interessenclubs, Theater, Jugendtreff, Elternclub usw.<\/p><p><b>\u00a7 3 Gemeinn\u00fctzigkeit<\/b><\/p><p>1. Der Verein ist selbstlos t\u00e4tig, er verfolgt nicht in erster Linie eigenwirtschaftliche Zwecke.<\/p><p>Der Verein dient ausschlie\u00dflich und unmittelbar gemeinn\u00fctzigen Zwecken im Sinne des Abschnitts &#8222;Steuerbeg\u00fcnstigte Zwecke der Abgabenordnung&#8220; (1977 \u00a7\u00a751ff AO).<\/p><p>2. Die Mittel des Vereins d\u00fcrfen nur f\u00fcr die satzungsgem\u00e4\u00dfen Zwecke verwendet werden. Die Mitglieder des Vereins d\u00fcrfen keine Zuwendungen aus Mitteln des Vereins erhalten. Der Verein darf keine Person durch Ausgaben, die dem Zweck des Vereins fremd sind, oder durch unverh\u00e4ltnism\u00e4\u00dfig hohe Verg\u00fctungen beg\u00fcnstigen. Die Mitglieder d\u00fcrfen im Verein ihre T\u00e4tigkeit als Lehr-\/ Verwaltungskraft aus\u00fcben. Diese Arbeit kann von dem Verein entsprechend entlohnt werden. F\u00fcr die nebenberufliche ehrenamtliche T\u00e4tigkeit im Verein d\u00fcrfen die Mitglieder den Ehrenamtsfreibetrag erhalten.<\/p><p>3. Die von dem Verein in etwa erzielten \u00dcbersch\u00fcsse d\u00fcrfen den Mitgliedern nicht ausgezahlt werden, sie sind ausschlie\u00dflich f\u00fcr den genannten gemeinn\u00fctzigen Zweck zu verwenden.<\/p><p><b>\u00a7 4 Mitgliedschaft<\/b><\/p><p>1. Die Mitgliedschaft im Verein kann jede nat\u00fcrliche und jede juristische Person des privaten oder \u00f6ffentlichen Rechts werden.<\/p><p>Bei Minderj\u00e4hrigen ist die Zustimmung der Erziehungsberechtigten erforderlich.<\/p><p>2. Die Aufnahme in den Verein erfolgt aufgrund eines schriftlichen Antrages, \u00fcber den der Vorstand mit einfacher Mehrheit entscheidet.<\/p><p>3. Die Mitgliedschaft endet:<\/p><p>&#8211; durch Austritt<\/p><p>Der Austritt muss schriftlich erkl\u00e4rt werden und ist nur unter Einhaltung einer Frist von drei Monaten zum Ende eines Kalenderjahres m\u00f6glich;<\/p><p>&#8211; durch Ausschluss aus dem Verein<\/p><p>Ein Mitglied, das die Interessen des Vereins nachhaltig sch\u00e4digt, indem es die Satzung oder die Richtlinien f\u00fcr die Vereinsarbeit zuwiderhandelt und\/oder ordnungsgem\u00e4\u00df gefasste Beschl\u00fcsse missachtet, kann durch Beschluss des Vorstands aus dem Verein ausgeschlossen werden. Vor dem Ausschluss hat das betroffene Mitglied das recht auf eine Anh\u00f6rung. \u00dcber die Berufung entscheidet die Mitgliederversammlung;\u00a0<\/p><p>&#8211; mit dem Tod des Mitglieds, bzw., durch den Verlust der Rechtsf\u00e4higkeit.<\/p><p>4. Mitglieder, die ihren Austritt erkl\u00e4rt haben oder vom Vorstand ausgeschlossen worden sind, verlieren mit sofortiger Wirkung ihre \u00c4mter und haben Vereinsunterlagen und dergleichen sofort an den Vorstand oder einen von ihm beauftragten Dritten herauszugeben.<\/p><p><b>\u00a7 5 Organe<\/b><\/p><p>1. Die Organe des Vereins sind<\/p><p>&#8211; die Mitgliederversammlung<\/p><p>&#8211; der Vorstand<\/p><p>2. Von den Beschl\u00fcssen der Organe sind Niederschriften zu fertigen, die vom Leiter und vom Protokollf\u00fchrer der jeweiligen Sitzung zu unterzeichnen sind. Die Protokolle der Mitgliederversammlung k\u00f6nnen eingesehen werden. Einspr\u00fcche sind nur innerhalb von zwei Monaten nach der Mitgliederversammlung zul\u00e4ssig.<\/p><p><b>\u00a7 6 Mitgliederversammlung<\/b><\/p><p>1. Die Mitgliederversammlung ist zust\u00e4ndig f\u00fcr alle ihr gesetzlich ausschlie\u00dflich zugewiesenen Aufgaben, insbesondere:<\/p><p>a) die Wahl der Vorstandsmitglieder<\/p><p>b) die Wahl des Kassenpr\u00fcfers<\/p><p>c) \u00c4nderungen der Satzung<\/p><p>d) die Entgegennahme des Jahresberichtes<\/p><p>e) die Entgegennahme des Kassenberichtes und des Haushaltsplanes<\/p><p>f) die Entgegennahme des Kassenpr\u00fcfberichtes<\/p><p>g) die Entlastung des Vorstandes<\/p><p>h) die Beschlussfassung \u00fcber Antr\u00e4ge von Mitgliedern<\/p><p>i) Festsetzung der Mitgliedsbeitr\u00e4ge<\/p><p>j) die Beschlussfassung \u00fcber die Aufl\u00f6sung des Vereins<\/p><p>k) die Feststellung des Termins der n\u00e4chsten ordentlichen\u00a0\u00a0\u00a0Mitgliederversammlung<\/p><p>2. Eine ordentliche Mitgliederversammlung findet mindestens einmal im Jahr statt. Sie ist vom Vorstand unter Bekanntgabe der Tagesordnung schriftlich mindestens zwei Wochen vor dem festgesetzten Termin einzuberufen.<\/p><p>3. Sowohl die Mitgliederversammlung wie auch die au\u00dferordentliche Mitgliedversammlung sind beschlussf\u00e4hig, wenn mindestens 10% der Mitglieder anwesend sind, darunter mindestens zweiMitglieder des Vorstands.<\/p><p>\u00a04. In der Mitgliederversammlung entscheidet die Mehrheit der abgegebenen Stimmen. Bei Stimmengleichheit gilt ein Antrag als abgelehnt.<\/p><p>\u00a05. Abstimmungen und Wahlen erfolgen durch Handzeichen, wenn nicht ein anwesendes Mitglied eine geheime Abstimmung beantragt.<\/p><p>\u00a0<b>\u00a7 7 Vorstand<\/b><\/p><p>\u00a01. Der Vorstand setzt sich zusammen aus:\u00a0<\/p><p>dem 1. Vorsitzenden,<\/p><p>dem stellvertretenden Vorsitzenden,<\/p><p>dem Schatzmeister und<\/p><p>dem Schriftf\u00fchrer.<\/p><p>2. Die Mitglieder des Vorstandes werden auf die Dauer von zwei Jahren von der Mitgliederversammlung gew\u00e4hlt.<\/p><p>Die jeweils amtierenden Vorstandsmitglieder bleiben nach Ablauf ihrer Amtszeit so lange im Amt, bis ihre Nachfolger gew\u00e4hlt sind und das Amt angetreten haben.\u00a0<\/p><p>Der Vorstand kann jederzeit von der Mitgliederversammlung abgew\u00e4hlt werden, wenn er die Ziele des Vereins nicht mehr vertritt.<\/p><p>3. Der Verein wird\u00a0gerichtlich und au\u00dfergerichtlich durch zwei Mitglieder des Vorstandes vertreten.<\/p><p>4. Der 1.Vorsitzende und der Stellvertreter \u00fcbernehmen gesch\u00e4ftsf\u00fchrende Funktionen.<\/p><p>5. Dem Vorstand obliegt die F\u00fchrung der laufenden Gesch\u00e4fte des Vereins.<\/p><p>6. Vorstandssitzungen finden mindestens dreimal im Gesch\u00e4ftsjahr statt.<\/p><p>7. Beschl\u00fcsse werden mit einfacher Mehrheit gefasst.<\/p><p><b>\u00a7 8 Kassenpr\u00fcfer<\/b><\/p><p>Die Mitgliederversammlung w\u00e4hlt mindestens einen\u00a0Revisor, der nicht dem Vorstand angeh\u00f6rt. Dieser ist f\u00fcr die Pr\u00fcfung des gesamten Rechnungswesens verantwortlich. Der hat den Jahresabschluss zum Ende eines Gesch\u00e4ftsjahres zu \u00fcberpr\u00fcfen. \u00dcber die Pr\u00fcfung ist ein Bericht anzufertigen und der Mitgliederversammlung vorzulegen.<\/p><p><b>\u00a7 9 Die Aufl\u00f6sung des Vereins<\/b><\/p><p>1. Die Aufl\u00f6sung des Vereins kann nur durch Beschluss der Mitgliederversammlung erfolgen.<\/p><p>2. Zur G\u00fcltigkeit des Beschlusses ist eine 2\/3-Mehrheit der erschienenen Mitglieder notwendig.<\/p><p>3. Bei Aufl\u00f6sung des Vereins f\u00e4llt das Verm\u00f6gen des Vereins an den Kinderschutzbund Kreisverband Ortenau e.V., der es ausschlie\u00dflich und unmittelbar f\u00fcr gemeinn\u00fctzige Zwecke zu verwenden hat.<\/p><p>\u00a0<b>\u00a7 10 Unwirksamkeit von Beschl\u00fcssen<\/b><\/p><p>Sollten \u00c4nderungen der Satzung aufgrund von Beanstandungen des Registergerichtes oder der Finanzbeh\u00f6rde bis zur Eintragung ins Vereinsregister erfolgen oder sonstige zweckm\u00e4\u00dfig redaktionelle \u00c4nderungen erforderlich sein, kann dies der Vorstand beschlie\u00dfen bzw. anmelden.<\/p><p>Offenburg, 10.10.2009<\/p>\t\t\t\t\t\t\t\t<\/div>\n\t\t\t\t<\/div>\n\t\t\t\t\t<\/div>\n\t\t<\/div>\n\t\t\t\t\t<\/div>\n\t\t<\/section>\n\t\t\t\t<\/div>","protected":false},"excerpt":{"rendered":"<p>SAMOVAR ist eine Elterninitiative und wendet sich in erster Linie an russischsprachige in Offenburg und Umgebung lebende Personen, insbesondere an Kinder und Jugendliche, sowie an alle, die an russischer Kultur, Literatur und Sprache interessiert sind. \u00a0\u00a7 1\u00a0Name, Sitz, Gesch\u00e4ftsjahr \u00a01. Der Verein tr\u00e4gt den Namen\u00a0\u201eSAMOVAR \u2013 Verein f\u00fcr Russische Kultur und Bildung e.V.\u201c. \u00a02. Der [&hellip;]<\/p>\n","protected":false},"author":1,"featured_media":0,"parent":0,"menu_order":0,"comment_status":"closed","ping_status":"closed","template":"elementor_header_footer","meta":{"footnotes":""},"class_list":["post-483","page","type-page","status-publish","hentry"],"_links":{"self":[{"href":"https:\/\/samovar-ev.de\/ru\/wp-json\/wp\/v2\/pages\/483","targetHints":{"allow":["GET"]}}],"collection":[{"href":"https:\/\/samovar-ev.de\/ru\/wp-json\/wp\/v2\/pages"}],"about":[{"href":"https:\/\/samovar-ev.de\/ru\/wp-json\/wp\/v2\/types\/page"}],"author":[{"embeddable":true,"href":"https:\/\/samovar-ev.de\/ru\/wp-json\/wp\/v2\/users\/1"}],"replies":[{"embeddable":true,"href":"https:\/\/samovar-ev.de\/ru\/wp-json\/wp\/v2\/comments?post=483"}],"version-history":[{"count":2,"href":"https:\/\/samovar-ev.de\/ru\/wp-json\/wp\/v2\/pages\/483\/revisions"}],"predecessor-version":[{"id":486,"href":"https:\/\/samovar-ev.de\/ru\/wp-json\/wp\/v2\/pages\/483\/revisions\/486"}],"wp:attachment":[{"href":"https:\/\/samovar-ev.de\/ru\/wp-json\/wp\/v2\/media?parent=483"}],"curies":[{"name":"wp","href":"https:\/\/api.w.org\/{rel}","templated":true}]}}